{"id":66,"date":"2023-08-03T19:50:58","date_gmt":"2023-08-03T22:50:58","guid":{"rendered":"https:\/\/juntospelasaude.org.br\/?page_id=66"},"modified":"2024-10-01T13:48:59","modified_gmt":"2024-10-01T16:48:59","slug":"i-want-to-receive-funds","status":"publish","type":"page","link":"https:\/\/juntospelasaude.org.br\/en\/take-part\/i-want-to-receive-funds\/","title":{"rendered":"I want to receive funds"},"content":{"rendered":"<p>The entities that can receive funds from the Program are: private non-profit organizations (Philanthropic Health Units, for example) or public bodies, except for the Federal Government or entities that depend on it&#8217;s resources and which receive public budgetary transfers for their maintenance.<\/p>\n<p>The health projects presented must be aligned with the premises of <strong>Together for Health<\/strong>, including:<\/p>\n<p>&#8211; Concentrating its operations in the North and Northeast regions of Brazil<br \/>\n&#8211; Aim to benefit public health actions and services within the Brazilian Unified Health System (SUS).<\/p>\n<p>All registered health projects will be submitted for approval by the Validation Committee, made up of members of BNDES and other supporters of Together for Health.<\/p>\n<p>Potential executors must follow the notices opened on this page and register their projects, always paying attention &#8211; to the selection requirements described in each notice. They may also contact by e-mail (juntospelasaude@idis.org.br) indicating health projects under their execution to be supported. The projects will go through the Expert Committee to verify compliance with the Initiative\u2019s minimum requirements. Subsequently, they will be forwarded to the Validation Committee for acceptance or rejection.<\/p>\n<p><strong>Are not eligeble for support projects that:<\/strong><\/p>\n<p>a)\u00a0 are related to other public policies that act on social and economic determinants of health, such as basic sanitation, education, promotion of lifestyle and nutrition habits, even though they may have an impact on the health conditions of the population;<\/p>\n<p>b) focus on health actions and services with restricted access, such as those linked to health plans or that involve any form of direct payment by the population to access them;<\/p>\n<p>c) directly favor the private partner\/supporting institution, or institutions linked to them.<\/p>\n<p><strong>Take part in the initiative!<\/strong><\/p>\n","protected":false},"excerpt":{"rendered":"<p>The entities that can receive funds from the Program are: private non-profit organizations (Philanthropic Health Units, for example) or public bodies, except for the Federal Government or entities that depend on it&#8217;s resources and which receive public budgetary transfers for their maintenance. The health projects presented must be aligned with the premises of Together for [&hellip;]<\/p>\n","protected":false},"author":1,"featured_media":67,"parent":457,"menu_order":0,"comment_status":"closed","ping_status":"closed","template":"","meta":{"_exactmetrics_skip_tracking":false,"_exactmetrics_sitenote_active":false,"_exactmetrics_sitenote_note":"","_exactmetrics_sitenote_category":0,"_monsterinsights_skip_tracking":false,"_monsterinsights_sitenote_active":false,"_monsterinsights_sitenote_note":"","_monsterinsights_sitenote_category":0,"footnotes":""},"acf":[],"yoast_head":"<!-- This site is optimized with the Yoast SEO plugin v22.4 - https:\/\/yoast.com\/wordpress\/plugins\/seo\/ -->\n<title>I want to receive funds - Juntos Pela Sa\u00fade | EN<\/title>\n<meta name=\"robots\" content=\"index, follow, max-snippet:-1, max-image-preview:large, max-video-preview:-1\" \/>\n<link rel=\"canonical\" href=\"https:\/\/juntospelasaude.org.br\/en\/take-part\/i-want-to-receive-funds\/\" \/>\n<meta property=\"og:locale\" content=\"pt_BR\" \/>\n<meta property=\"og:type\" content=\"article\" \/>\n<meta property=\"og:title\" content=\"I want to receive funds - Juntos Pela Sa\u00fade | EN\" \/>\n<meta property=\"og:description\" content=\"The entities that can receive funds from the Program are: private non-profit organizations (Philanthropic Health Units, for example) or public bodies, except for the Federal Government or entities that depend on it&#8217;s resources and which receive public budgetary transfers for their maintenance. The health projects presented must be aligned with the premises of Together for [&hellip;]\" \/>\n<meta property=\"og:url\" content=\"https:\/\/juntospelasaude.org.br\/en\/take-part\/i-want-to-receive-funds\/\" \/>\n<meta property=\"og:site_name\" content=\"Juntos Pela Sa\u00fade | EN\" \/>\n<meta property=\"article:modified_time\" content=\"2024-10-01T16:48:59+00:00\" \/>\n<meta property=\"og:image\" content=\"https:\/\/juntospelasaude.org.br\/en\/wp-content\/uploads\/sites\/2\/2023\/08\/Depositphotos_26745805_XL_PB-scaled-1.jpg\" \/>\n\t<meta property=\"og:image:width\" content=\"2560\" \/>\n\t<meta property=\"og:image:height\" content=\"2074\" \/>\n\t<meta property=\"og:image:type\" content=\"image\/jpeg\" \/>\n<meta name=\"twitter:card\" content=\"summary_large_image\" \/>\n<meta name=\"twitter:label1\" content=\"Est. tempo de leitura\" \/>\n\t<meta name=\"twitter:data1\" content=\"2 minutos\" \/>\n<script type=\"application\/ld+json\" class=\"yoast-schema-graph\">{\"@context\":\"https:\/\/schema.org\",\"@graph\":[{\"@type\":\"WebPage\",\"@id\":\"https:\/\/juntospelasaude.org.br\/en\/take-part\/i-want-to-receive-funds\/\",\"url\":\"https:\/\/juntospelasaude.org.br\/en\/take-part\/i-want-to-receive-funds\/\",\"name\":\"I want to receive funds - Juntos Pela Sa\u00fade | EN\",\"isPartOf\":{\"@id\":\"https:\/\/juntospelasaude.org.br\/en\/#website\"},\"primaryImageOfPage\":{\"@id\":\"https:\/\/juntospelasaude.org.br\/en\/take-part\/i-want-to-receive-funds\/#primaryimage\"},\"image\":{\"@id\":\"https:\/\/juntospelasaude.org.br\/en\/take-part\/i-want-to-receive-funds\/#primaryimage\"},\"thumbnailUrl\":\"https:\/\/juntospelasaude.org.br\/en\/wp-content\/uploads\/sites\/2\/2023\/08\/Depositphotos_26745805_XL_PB-scaled-1.jpg\",\"datePublished\":\"2023-08-03T22:50:58+00:00\",\"dateModified\":\"2024-10-01T16:48:59+00:00\",\"breadcrumb\":{\"@id\":\"https:\/\/juntospelasaude.org.br\/en\/take-part\/i-want-to-receive-funds\/#breadcrumb\"},\"inLanguage\":\"pt-BR\",\"potentialAction\":[{\"@type\":\"ReadAction\",\"target\":[\"https:\/\/juntospelasaude.org.br\/en\/take-part\/i-want-to-receive-funds\/\"]}]},{\"@type\":\"ImageObject\",\"inLanguage\":\"pt-BR\",\"@id\":\"https:\/\/juntospelasaude.org.br\/en\/take-part\/i-want-to-receive-funds\/#primaryimage\",\"url\":\"https:\/\/juntospelasaude.org.br\/en\/wp-content\/uploads\/sites\/2\/2023\/08\/Depositphotos_26745805_XL_PB-scaled-1.jpg\",\"contentUrl\":\"https:\/\/juntospelasaude.org.br\/en\/wp-content\/uploads\/sites\/2\/2023\/08\/Depositphotos_26745805_XL_PB-scaled-1.jpg\",\"width\":2560,\"height\":2074,\"caption\":\"Unir for\u00e7as em prol de um mesmo objetivo: este \u00e9 o prop\u00f3sito do matchfunding\"},{\"@type\":\"BreadcrumbList\",\"@id\":\"https:\/\/juntospelasaude.org.br\/en\/take-part\/i-want-to-receive-funds\/#breadcrumb\",\"itemListElement\":[{\"@type\":\"ListItem\",\"position\":1,\"name\":\"In\u00edcio\",\"item\":\"https:\/\/juntospelasaude.org.br\/en\/\"},{\"@type\":\"ListItem\",\"position\":2,\"name\":\"Take Part\",\"item\":\"https:\/\/juntospelasaude.org.br\/en\/take-part\/\"},{\"@type\":\"ListItem\",\"position\":3,\"name\":\"I want to receive funds\"}]},{\"@type\":\"WebSite\",\"@id\":\"https:\/\/juntospelasaude.org.br\/en\/#website\",\"url\":\"https:\/\/juntospelasaude.org.br\/en\/\",\"name\":\"Juntos Pela Sa\u00fade | EN\",\"description\":\"\",\"potentialAction\":[{\"@type\":\"SearchAction\",\"target\":{\"@type\":\"EntryPoint\",\"urlTemplate\":\"https:\/\/juntospelasaude.org.br\/en\/?s={search_term_string}\"},\"query-input\":\"required name=search_term_string\"}],\"inLanguage\":\"pt-BR\"}]}<\/script>\n<!-- \/ Yoast SEO plugin. -->","yoast_head_json":{"title":"I want to receive funds - Juntos Pela Sa\u00fade | EN","robots":{"index":"index","follow":"follow","max-snippet":"max-snippet:-1","max-image-preview":"max-image-preview:large","max-video-preview":"max-video-preview:-1"},"canonical":"https:\/\/juntospelasaude.org.br\/en\/take-part\/i-want-to-receive-funds\/","og_locale":"pt_BR","og_type":"article","og_title":"I want to receive funds - Juntos Pela Sa\u00fade | EN","og_description":"The entities that can receive funds from the Program are: private non-profit organizations (Philanthropic Health Units, for example) or public bodies, except for the Federal Government or entities that depend on it&#8217;s resources and which receive public budgetary transfers for their maintenance. The health projects presented must be aligned with the premises of Together for [&hellip;]","og_url":"https:\/\/juntospelasaude.org.br\/en\/take-part\/i-want-to-receive-funds\/","og_site_name":"Juntos Pela Sa\u00fade | EN","article_modified_time":"2024-10-01T16:48:59+00:00","og_image":[{"width":2560,"height":2074,"url":"https:\/\/juntospelasaude.org.br\/en\/wp-content\/uploads\/sites\/2\/2023\/08\/Depositphotos_26745805_XL_PB-scaled-1.jpg","type":"image\/jpeg"}],"twitter_card":"summary_large_image","twitter_misc":{"Est. tempo de leitura":"2 minutos"},"schema":{"@context":"https:\/\/schema.org","@graph":[{"@type":"WebPage","@id":"https:\/\/juntospelasaude.org.br\/en\/take-part\/i-want-to-receive-funds\/","url":"https:\/\/juntospelasaude.org.br\/en\/take-part\/i-want-to-receive-funds\/","name":"I want to receive funds - Juntos Pela Sa\u00fade | EN","isPartOf":{"@id":"https:\/\/juntospelasaude.org.br\/en\/#website"},"primaryImageOfPage":{"@id":"https:\/\/juntospelasaude.org.br\/en\/take-part\/i-want-to-receive-funds\/#primaryimage"},"image":{"@id":"https:\/\/juntospelasaude.org.br\/en\/take-part\/i-want-to-receive-funds\/#primaryimage"},"thumbnailUrl":"https:\/\/juntospelasaude.org.br\/en\/wp-content\/uploads\/sites\/2\/2023\/08\/Depositphotos_26745805_XL_PB-scaled-1.jpg","datePublished":"2023-08-03T22:50:58+00:00","dateModified":"2024-10-01T16:48:59+00:00","breadcrumb":{"@id":"https:\/\/juntospelasaude.org.br\/en\/take-part\/i-want-to-receive-funds\/#breadcrumb"},"inLanguage":"pt-BR","potentialAction":[{"@type":"ReadAction","target":["https:\/\/juntospelasaude.org.br\/en\/take-part\/i-want-to-receive-funds\/"]}]},{"@type":"ImageObject","inLanguage":"pt-BR","@id":"https:\/\/juntospelasaude.org.br\/en\/take-part\/i-want-to-receive-funds\/#primaryimage","url":"https:\/\/juntospelasaude.org.br\/en\/wp-content\/uploads\/sites\/2\/2023\/08\/Depositphotos_26745805_XL_PB-scaled-1.jpg","contentUrl":"https:\/\/juntospelasaude.org.br\/en\/wp-content\/uploads\/sites\/2\/2023\/08\/Depositphotos_26745805_XL_PB-scaled-1.jpg","width":2560,"height":2074,"caption":"Unir for\u00e7as em prol de um mesmo objetivo: este \u00e9 o prop\u00f3sito do matchfunding"},{"@type":"BreadcrumbList","@id":"https:\/\/juntospelasaude.org.br\/en\/take-part\/i-want-to-receive-funds\/#breadcrumb","itemListElement":[{"@type":"ListItem","position":1,"name":"In\u00edcio","item":"https:\/\/juntospelasaude.org.br\/en\/"},{"@type":"ListItem","position":2,"name":"Take Part","item":"https:\/\/juntospelasaude.org.br\/en\/take-part\/"},{"@type":"ListItem","position":3,"name":"I want to receive funds"}]},{"@type":"WebSite","@id":"https:\/\/juntospelasaude.org.br\/en\/#website","url":"https:\/\/juntospelasaude.org.br\/en\/","name":"Juntos Pela Sa\u00fade | EN","description":"","potentialAction":[{"@type":"SearchAction","target":{"@type":"EntryPoint","urlTemplate":"https:\/\/juntospelasaude.org.br\/en\/?s={search_term_string}"},"query-input":"required name=search_term_string"}],"inLanguage":"pt-BR"}]}},"wps_subtitle":"","_links":{"self":[{"href":"https:\/\/juntospelasaude.org.br\/en\/wp-json\/wp\/v2\/pages\/66"}],"collection":[{"href":"https:\/\/juntospelasaude.org.br\/en\/wp-json\/wp\/v2\/pages"}],"about":[{"href":"https:\/\/juntospelasaude.org.br\/en\/wp-json\/wp\/v2\/types\/page"}],"author":[{"embeddable":true,"href":"https:\/\/juntospelasaude.org.br\/en\/wp-json\/wp\/v2\/users\/1"}],"replies":[{"embeddable":true,"href":"https:\/\/juntospelasaude.org.br\/en\/wp-json\/wp\/v2\/comments?post=66"}],"version-history":[{"count":6,"href":"https:\/\/juntospelasaude.org.br\/en\/wp-json\/wp\/v2\/pages\/66\/revisions"}],"predecessor-version":[{"id":734,"href":"https:\/\/juntospelasaude.org.br\/en\/wp-json\/wp\/v2\/pages\/66\/revisions\/734"}],"up":[{"embeddable":true,"href":"https:\/\/juntospelasaude.org.br\/en\/wp-json\/wp\/v2\/pages\/457"}],"wp:featuredmedia":[{"embeddable":true,"href":"https:\/\/juntospelasaude.org.br\/en\/wp-json\/wp\/v2\/media\/67"}],"wp:attachment":[{"href":"https:\/\/juntospelasaude.org.br\/en\/wp-json\/wp\/v2\/media?parent=66"}],"curies":[{"name":"wp","href":"https:\/\/api.w.org\/{rel}","templated":true}]}}